{"id":283,"date":"2017-04-02T09:54:22","date_gmt":"2017-04-02T09:54:22","guid":{"rendered":"http:\/\/kreuzweg-m700.de\/?page_id=283"},"modified":"2020-10-09T15:21:10","modified_gmt":"2020-10-09T15:21:10","slug":"erschliessung-2","status":"publish","type":"page","link":"https:\/\/kreuzweg-m700.de\/?page_id=283","title":{"rendered":"Erschlie\u00dfung"},"content":{"rendered":"\n<ul class=\"wp-block-list\"><li><a href=\"https:\/\/kreuzweg-m700.de\/?page_id=201\">Erschlie\u00dfung (21.01.2017)<\/a><\/li><li><a href=\"https:\/\/kreuzweg-m700.de\/?page_id=217\">Erschlie\u00dfung (28.01.2017)<\/a><\/li><li><a href=\"https:\/\/kreuzweg-m700.de\/?page_id=234\">Erschlie\u00dfung (05.02.2017)<\/a><\/li><li><a href=\"https:\/\/kreuzweg-m700.de\/?page_id=244\">Erschlie\u00dfung (12.02.2017)<\/a><\/li><li><a href=\"https:\/\/kreuzweg-m700.de\/?page_id=257\">Erschlie\u00dfung (12.03.2017)<\/a><\/li><li><a href=\"https:\/\/kreuzweg-m700.de\/?page_id=289\">Erschlie\u00dfung (01.04.2017)<\/a><\/li><\/ul>\n\n\n\n<div id=\"sitelock_shield_logo\" class=\"fixed_btm\" style=\"bottom:0;position:fixed;_position:absolute;right:0;\"> <a href=\"https:\/\/www.sitelock.com\/verify.php?site=kreuzweg-m700.de\" onclick=\"window.open('https:\/\/www.sitelock.com\/verify.php?site=kreuzweg-m700.de','SiteLock','width=600,height=600,left=160,top=170');return false;\"><img decoding=\"async\" alt=\"malware removal and website security\" title=\"SiteLock\" src=\"\/\/shield.sitelock.com\/shield\/kreuzweg-m700.de\"><\/a><\/div>\n\n\n\n<p><\/p>\n","protected":false},"excerpt":{"rendered":"<p>Erschlie\u00dfung (21.01.2017) Erschlie\u00dfung (28.01.2017) Erschlie\u00dfung (05.02.2017) Erschlie\u00dfung (12.02.2017) Erschlie\u00dfung (12.03.2017) Erschlie\u00dfung (01.04.2017)<\/p>\n","protected":false},"author":1,"featured_media":0,"parent":0,"menu_order":0,"comment_status":"closed","ping_status":"closed","template":"","meta":{"footnotes":""},"class_list":["post-283","page","type-page","status-publish","hentry"],"_links":{"self":[{"href":"https:\/\/kreuzweg-m700.de\/index.php?rest_route=\/wp\/v2\/pages\/283","targetHints":{"allow":["GET"]}}],"collection":[{"href":"https:\/\/kreuzweg-m700.de\/index.php?rest_route=\/wp\/v2\/pages"}],"about":[{"href":"https:\/\/kreuzweg-m700.de\/index.php?rest_route=\/wp\/v2\/types\/page"}],"author":[{"embeddable":true,"href":"https:\/\/kreuzweg-m700.de\/index.php?rest_route=\/wp\/v2\/users\/1"}],"replies":[{"embeddable":true,"href":"https:\/\/kreuzweg-m700.de\/index.php?rest_route=%2Fwp%2Fv2%2Fcomments&post=283"}],"version-history":[{"count":0,"href":"https:\/\/kreuzweg-m700.de\/index.php?rest_route=\/wp\/v2\/pages\/283\/revisions"}],"wp:attachment":[{"href":"https:\/\/kreuzweg-m700.de\/index.php?rest_route=%2Fwp%2Fv2%2Fmedia&parent=283"}],"curies":[{"name":"wp","href":"https:\/\/api.w.org\/{rel}","templated":true}]}}