{"id":172,"date":"2016-12-23T14:14:53","date_gmt":"2016-12-23T14:14:53","guid":{"rendered":"http:\/\/kreuzweg-m700.de\/?page_id=172"},"modified":"2020-08-08T12:48:36","modified_gmt":"2020-08-08T12:48:36","slug":"zeitachse","status":"publish","type":"page","link":"https:\/\/kreuzweg-m700.de\/?page_id=172","title":{"rendered":"Zeitachse"},"content":{"rendered":"\n<p><strong>04. M\u00e4rz 2016 | 9:30Uhr<\/strong><\/p>\n\n\n\n<ul class=\"wp-block-list\"><li>Termin&nbsp;mit der Viebrockhaus AG&nbsp;im Musterhauspark Bad Falligbostel<\/li><\/ul>\n\n\n\n<p>\u00bb Festpreisangebot vom 30. M\u00e4rz 2016<\/p>\n\n\n\n<hr class=\"wp-block-separator\"\/>\n\n\n\n<p><strong>10. Oktober 2016 | 10:00Uhr<\/strong><\/p>\n\n\n\n<ul class=\"wp-block-list\"><li>Termin&nbsp;mit der Viebrockhaus AG&nbsp;im Musterhauspark Bad Falligbostel<\/li><\/ul>\n\n\n\n<p>\u00bb Werkvertrag<\/p>\n\n\n\n<hr class=\"wp-block-separator\"\/>\n\n\n\n<p><strong>20. Oktober 2016 | 18.30Uhr<\/strong><\/p>\n\n\n\n<ul class=\"wp-block-list\"><li>Termin mit der H\u00fcttig &amp; Rompf AG in Norderstedt<\/li><\/ul>\n\n\n\n<p>\u00bb Finanzierungsvorschlag<\/p>\n\n\n\n<hr class=\"wp-block-separator\"\/>\n\n\n\n<p><strong>03. Dezember 2016 | 14:00Uhr<\/strong><\/p>\n\n\n\n<ul class=\"wp-block-list\"><li>Servicetermin mit der Viebrockhaus AG&nbsp;im Musterhauspark Bad Falligbostel<\/li><\/ul>\n\n\n\n<p>\u00bb Protokoll zum Servicetermin<\/p>\n\n\n\n<hr class=\"wp-block-separator\"\/>\n\n\n\n<p><strong>13. Dezember 2016 | 9:30Uhr<\/strong><\/p>\n\n\n\n<ul class=\"wp-block-list\"><li>Bemusterungsgespr\u00e4ch mit der Viebrockhaus AG&nbsp;im&nbsp;Musterhauspark Bad Falligbostel<\/li><\/ul>\n\n\n\n<p>\u00bb Bemusterungsprotokoll<\/p>\n\n\n\n<hr class=\"wp-block-separator\"\/>\n\n\n\n<p><strong>22. Dezember 2016 | 11:00Uhr<\/strong><\/p>\n\n\n\n<ul class=\"wp-block-list\"><li>Notartermin mit der Kanzlei Soth in Norderstedt<\/li><\/ul>\n\n\n\n<p>\u00bb Kaufvertrag Grundst\u00fcck<\/p>\n\n\n\n<hr class=\"wp-block-separator\"\/>\n\n\n\n<p><strong>23. Dezember 2016<\/strong><\/p>\n\n\n\n<ul class=\"wp-block-list\"><li>Finanzierungszusage der&nbsp;ING-DiBa AG<\/li><\/ul>\n\n\n\n<p>\u00bb Darlehensvertr\u00e4ge (vorab digital)<\/p>\n\n\n\n<hr class=\"wp-block-separator\"\/>\n\n\n\n<p><strong>28. Dezember 2016<\/strong><\/p>\n\n\n\n<ul class=\"wp-block-list\"><li>Termin mit der H\u00fcttig &amp; Rompf AG in Hamburg<\/li><\/ul>\n\n\n\n<p>\u00bb Darlehensvertr\u00e4ge<\/p>\n\n\n\n<hr class=\"wp-block-separator\"\/>\n\n\n\n<p><strong>17. Januar 2017<\/strong><\/p>\n\n\n\n<ul class=\"wp-block-list\"><li>Beginn der Erschlie\u00dfungsarbeiten<\/li><\/ul>\n\n\n\n<hr class=\"wp-block-separator\"\/>\n\n\n\n<p><strong>01. Februar 2017 | 9:30Uhr<\/strong><\/p>\n\n\n\n<ul class=\"wp-block-list\"><li>Planungstermin mit der&nbsp;eplan1.1&nbsp;Ingenieurgesellschaft f\u00fcr innovative<br>Elektroplanung mbH im&nbsp;Musterhauspark Bad Falligbostel<\/li><\/ul>\n\n\n\n<p>\u00bb Elektroplanung<\/p>\n\n\n\n<hr class=\"wp-block-separator\"\/>\n\n\n\n<p><strong>02.&nbsp;M\u00e4rz 2017<\/strong><\/p>\n\n\n\n<ul class=\"wp-block-list\"><li>Fertigstellung und Einreichung der Bauantragsunterlagen gem\u00e4\u00df \u00a7 68 der Landesbauordnung bei der unteren Bauaufsichtsbeh\u00f6rde<\/li><\/ul>\n\n\n\n<hr class=\"wp-block-separator\"\/>\n\n\n\n<p><strong>21. M\u00e4rz 2017 | 9:00Uhr<\/strong><\/p>\n\n\n\n<ul class=\"wp-block-list\"><li>Abstecktermin mit der&nbsp;Andreas Viebrock GmbH&nbsp;auf dem Baugrundst\u00fcck<\/li><\/ul>\n\n\n\n<p>\u00bb Protokoll zum Abstecktermin<\/p>\n\n\n\n<hr class=\"wp-block-separator\"\/>\n\n\n\n<p><strong>22. M\u00e4rz&nbsp;2017<\/strong><\/p>\n\n\n\n<ul class=\"wp-block-list\"><li>Genehmigungsfreistellung nach \u00a7 68 Landesbauordnung<\/li><\/ul>\n\n\n\n<hr class=\"wp-block-separator\"\/>\n\n\n\n<p><strong>28. M\u00e4rz 2017 | 9:30Uhr<\/strong><\/p>\n\n\n\n<ul class=\"wp-block-list\"><li>Baugrundunteruchung<\/li><\/ul>\n\n\n\n<p>\u00bb Festlegung der&nbsp;grundst\u00fccksspezifischen Arbeiten<\/p>\n\n\n\n<hr class=\"wp-block-separator\"\/>\n\n\n\n<p><strong>31.&nbsp;M\u00e4rz 2017<\/strong><\/p>\n\n\n\n<ul class=\"wp-block-list\"><li>Fertigstellung&nbsp;der Erschlie\u00dfungsarbeiten<\/li><\/ul>\n\n\n\n<hr class=\"wp-block-separator\"\/>\n\n\n\n<p><strong>07. April 2017 | 9:00Uhr<\/strong><\/p>\n\n\n\n<ul class=\"wp-block-list\"><li>Abstecktermin mit der&nbsp;Andreas Viebrock GmbH&nbsp;auf dem Baugrundst\u00fcck<\/li><\/ul>\n\n\n\n<p>\u00bb&nbsp;Festlegung der genauen Lage&nbsp;und H\u00f6henlage des Hauses auf dem Grundst\u00fcck<\/p>\n\n\n\n<hr class=\"wp-block-separator\"\/>\n\n\n\n<p><strong>10. April &#8211; 16. April 2017 (15. KW)<\/strong><\/p>\n\n\n\n<ul class=\"wp-block-list\"><li>Baubeginn<\/li><\/ul>\n\n\n\n<p>\u00bb Erdarbeiten<\/p>\n\n\n\n<p>Aushub der Baugrube und Feinplanum f\u00fcr Kellersohlenplatte<\/p>\n\n\n\n<hr class=\"wp-block-separator\"\/>\n\n\n\n<p><strong>17. April &#8211; 23. April 2017 (16. KW)<\/strong><\/p>\n\n\n\n<ul class=\"wp-block-list\"><li>Kellersohlenplatte fertig<\/li><\/ul>\n\n\n\n<p>\u00bb Betonarbeiten<\/p>\n\n\n\n<p>Kellersohle als Flachgr\u00fcndung mit Stahlbeton-Sohlenplatte<\/p>\n\n\n\n<hr class=\"wp-block-separator\"\/>\n\n\n\n<p><strong>20. April 2017 | 8:00Uhr<\/strong><\/p>\n\n\n\n<ul class=\"wp-block-list\"><li>Abstimmungstermin mit den&nbsp;Stadtwerken Norderstedt auf dem Baugrundst\u00fcck<\/li><\/ul>\n\n\n\n<p>\u00bb&nbsp;Festlegung der genauen Lage&nbsp;der Hausanschl\u00fcsse auf dem Grundst\u00fcck<\/p>\n\n\n\n<hr class=\"wp-block-separator\"\/>\n\n\n\n<p><strong>24. April &#8211; 30. April 2017 (17. KW)<\/strong><\/p>\n\n\n\n<ul class=\"wp-block-list\"><li>Keller<\/li><\/ul>\n\n\n\n<p>\u00bb Betonarbeiten<\/p>\n\n\n\n<p>Kellerau\u00dfenwandelemente und Kellergeschossdecke aus Stahlbeton-Fertigteilen<\/p>\n\n\n\n<p>\u00bb D\u00e4mmarbeiten<\/p>\n\n\n\n<p>D\u00e4mmung der Kellerau\u00dfenw\u00e4nde<\/p>\n\n\n\n<hr class=\"wp-block-separator\"\/>\n\n\n\n<p><strong>01.&nbsp;Mai &#8211; 07. Mai 2017 (18. KW)<\/strong><\/p>\n\n\n\n<ul class=\"wp-block-list\"><li>Keller fertig<\/li><\/ul>\n\n\n\n<p>\u00bb Erdarbeiten<\/p>\n\n\n\n<p>Verf\u00fcllung&nbsp;des Arbeitsraumes im Bereich der Baugrube (Keller)<\/p>\n\n\n\n<hr class=\"wp-block-separator\"\/>\n\n\n\n<p><strong>08.&nbsp;Mai &#8211; 14. Mai 2017 (19. KW)<\/strong><\/p>\n\n\n\n<ul class=\"wp-block-list\"><li>Erdgeschoss<\/li><\/ul>\n\n\n\n<p>\u00bb Maurerarbeiten<\/p>\n\n\n\n<p>Fertigstellung der W\u00e4nde im Erdgeschoss<\/p>\n\n\n\n<hr class=\"wp-block-separator\"\/>\n\n\n\n<p><strong>15.&nbsp;Mai &#8211; 21. Mai 2017 (20. KW)<\/strong><\/p>\n\n\n\n<ul class=\"wp-block-list\"><li>Erdgeschossdecke fertig<\/li><\/ul>\n\n\n\n<p>\u00bb Maurerarbeiten<\/p>\n\n\n\n<p>Verblendmauerwerk im Erdgeschoss<\/p>\n\n\n\n<p>\u00bb Betonarbeiten<\/p>\n\n\n\n<p>Erdgeschossdecke aus Stahlbeton-Fertigteilen<\/p>\n\n\n\n<p>\u00bb Zimmermannarbeiten<\/p>\n\n\n\n<p>Aufstellung und Richten des Dachstuhls<\/p>\n\n\n\n<hr class=\"wp-block-separator\"\/>\n\n\n\n<p><strong>19.&nbsp;Mai 2017 | 13:30Uhr<\/strong><\/p>\n\n\n\n<ul class=\"wp-block-list\"><li>Richtfest&nbsp;auf dem Baugrundst\u00fcck<\/li><\/ul>\n\n\n\n<hr class=\"wp-block-separator\"\/>\n\n\n\n<p><strong>22.&nbsp;Mai &#8211; 28. Mai 2017 (21. KW)<\/strong><\/p>\n\n\n\n<ul class=\"wp-block-list\"><li>Dachgeschoss<\/li><\/ul>\n\n\n\n<p>\u00bb Maurerarbeiten<\/p>\n\n\n\n<p>Fertigstellung der Au\u00dfenw\u00e4nde im Dachgeschoss und Arbeiten am Verblendmauerwerk<\/p>\n\n\n\n<hr class=\"wp-block-separator\"\/>\n\n\n\n<p><strong>29.&nbsp;Mai &#8211; 04.&nbsp;Juni 2017 (22. KW)<\/strong><\/p>\n\n\n\n<ul class=\"wp-block-list\"><li>Rohbau<\/li><\/ul>\n\n\n\n<p>\u00bb Maurerarbeiten<\/p>\n\n\n\n<p>Fertigstellung des Verblendmauerwerks<\/p>\n\n\n\n<p>\u00bb Fenstereinbau<\/p>\n\n\n\n<p>Einbau der Fenster und der Eingangst\u00fcr<\/p>\n\n\n\n<hr class=\"wp-block-separator\"\/>\n\n\n\n<p><strong>05.&nbsp;Juni &#8211; 11.&nbsp;Juni 2017 (23. KW)<\/strong><\/p>\n\n\n\n<ul class=\"wp-block-list\"><li>Rohbau<\/li><\/ul>\n\n\n\n<p>\u00bb Dacheindeckung<\/p>\n\n\n\n<p>Fertigstellung der Kunststoffgesimse,&nbsp;Dachrinnen und Fallrohre<\/p>\n\n\n\n<ul class=\"wp-block-list\"><li>Rohinstallation Heizung, Sanit\u00e4r und Elektro<\/li><\/ul>\n\n\n\n<hr class=\"wp-block-separator\"\/>\n\n\n\n<p><strong>12.&nbsp;Juni &#8211; 18.&nbsp;Juni 2017 (24. KW)<\/strong><\/p>\n\n\n\n<ul class=\"wp-block-list\"><li>Rohbau fertig<\/li><\/ul>\n\n\n\n<p>\u00bb Dacheindeckung<\/p>\n\n\n\n<p>Fertigstellung der Dacheindeckung mit Dachpfannen<\/p>\n\n\n\n<ul class=\"wp-block-list\"><li>Rohinstallation Heizung, Sanit\u00e4r und Elektro<\/li><\/ul>\n\n\n\n<hr class=\"wp-block-separator\"\/>\n\n\n\n<p><strong>19. Juni &#8211; 25. Juni 2017 (25. KW)<\/strong><\/p>\n\n\n\n<ul class=\"wp-block-list\"><li>Rohinstallation Heizung, Sanit\u00e4r und Elektro<\/li><\/ul>\n\n\n\n<hr class=\"wp-block-separator\"\/>\n\n\n\n<p><strong>26. Juni &#8211; 02. Juli 2017 (26. KW)<\/strong><\/p>\n\n\n\n<ul class=\"wp-block-list\"><li>Rohinstallation Heizung, Sanit\u00e4r und Elektro<\/li><\/ul>\n\n\n\n<hr class=\"wp-block-separator\"\/>\n\n\n\n<p><strong>03. Juli 2017 &#8211; 09. Juli 2017 (27. KW)<\/strong><\/p>\n\n\n\n<ul class=\"wp-block-list\"><li>Rohinstallation Heizung, Sanit\u00e4r und Elektro<\/li><li>Estrich fertig<\/li><\/ul>\n\n\n\n<p>\u00bb Estricharbeiten<\/p>\n\n\n\n<p>Fertigstellung des Estrich im Dach-, Erd- und Kellergeschoss<\/p>\n\n\n\n<hr class=\"wp-block-separator\"\/>\n\n\n\n<p><strong>10. Juli &#8211; 16. Juli 2017&nbsp;(28. KW)<\/strong><\/p>\n\n\n\n<ul class=\"wp-block-list\"><li>Betriebsferien der&nbsp;Andreas Viebrock GmbH<\/li><\/ul>\n\n\n\n<hr class=\"wp-block-separator\"\/>\n\n\n\n<p><strong>17. Juli &#8211; 23. Juli 2017 (29. KW)<\/strong><\/p>\n\n\n\n<ul class=\"wp-block-list\"><li>Betriebsferien der&nbsp;Andreas Viebrock GmbH<\/li><\/ul>\n\n\n\n<hr class=\"wp-block-separator\"\/>\n\n\n\n<p><strong>24. Juli &#8211; 30. Juli 2017 (30. KW)<\/strong><\/p>\n\n\n\n<ul class=\"wp-block-list\"><li>Betriebsferien der&nbsp;Andreas Viebrock GmbH<\/li><\/ul>\n\n\n\n<hr class=\"wp-block-separator\"\/>\n\n\n\n<p><strong>31. Juli &#8211; 06. August 2017 (31. KW)<\/strong><\/p>\n\n\n\n<ul class=\"wp-block-list\"><li>Ausbauarbeiten<\/li><\/ul>\n\n\n\n<hr class=\"wp-block-separator\"\/>\n\n\n\n<p><strong>07. August &#8211; 13. August 2017 (32. KW)<\/strong><\/p>\n\n\n\n<ul class=\"wp-block-list\"><li>Ausbauarbeiten<\/li><\/ul>\n\n\n\n<hr class=\"wp-block-separator\"\/>\n\n\n\n<p><strong>14. August &#8211; 20. August 2017 (33. KW)<\/strong><\/p>\n\n\n\n<ul class=\"wp-block-list\"><li>Ausbauarbeiten<\/li><\/ul>\n\n\n\n<hr class=\"wp-block-separator\"\/>\n\n\n\n<p><strong>21. August &#8211; 27. August 2017 (34. KW)<\/strong><\/p>\n\n\n\n<ul class=\"wp-block-list\"><li>Ausbauarbeiten<\/li><\/ul>\n\n\n\n<hr class=\"wp-block-separator\"\/>\n\n\n\n<p><strong>28. August &#8211; 03. September 2017 (35. KW)<\/strong><\/p>\n\n\n\n<ul class=\"wp-block-list\"><li>Ausbauarbeiten<\/li><\/ul>\n\n\n\n<hr class=\"wp-block-separator\"\/>\n\n\n\n<p><strong>04. September &#8211; 10. September 2017 (36. KW)<\/strong><\/p>\n\n\n\n<ul class=\"wp-block-list\"><li>Ausbauarbeiten<\/li><\/ul>\n\n\n\n<hr class=\"wp-block-separator\"\/>\n\n\n\n<p><strong>11. September &#8211; 17. September 2017 (37. KW)<\/strong><\/p>\n\n\n\n<ul class=\"wp-block-list\"><li>Ausbauarbeiten<\/li><\/ul>\n\n\n\n<hr class=\"wp-block-separator\"\/>\n\n\n\n<p><strong>18. September &#8211; 24. September 2017 (38. KW)<\/strong><\/p>\n\n\n\n<ul class=\"wp-block-list\"><li>Ausbauarbeiten<\/li><\/ul>\n\n\n\n<hr class=\"wp-block-separator\"\/>\n\n\n\n<p><strong>25. September &#8211; 1. Oktober 2017 (39. KW)<\/strong><\/p>\n\n\n\n<ul class=\"wp-block-list\"><li>Fertigstellung und Bauabnahme<\/li><\/ul>\n\n\n\n<hr class=\"wp-block-separator\"\/>\n\n\n\n<p><strong>26.&nbsp;September 2017 | 8:00Uhr<\/strong><\/p>\n\n\n\n<ul class=\"wp-block-list\"><li>Bauvorabnahmetermin mit der&nbsp;Andreas Viebrock GmbH&nbsp;auf dem&nbsp;Baugrundst\u00fcck<\/li><\/ul>\n\n\n\n<hr class=\"wp-block-separator\"\/>\n\n\n\n<p><strong>29.&nbsp;September 2017 | 8:00Uhr<\/strong><\/p>\n\n\n\n<ul class=\"wp-block-list\"><li>Bauendabnahmetermin mit der&nbsp;Andreas Viebrock GmbH&nbsp;auf dem ehemaligen Baugrundst\u00fcck<\/li><\/ul>\n\n\n\n<div id=\"sitelock_shield_logo\" class=\"fixed_btm\" style=\"bottom:0;position:fixed;_position:absolute;right:0;\"> <a href=\"https:\/\/www.sitelock.com\/verify.php?site=kreuzweg-m700.de\" onclick=\"window.open('https:\/\/www.sitelock.com\/verify.php?site=kreuzweg-m700.de','SiteLock','width=600,height=600,left=160,top=170');return false;\"><img decoding=\"async\" alt=\"malware removal and website security\" title=\"SiteLock\" src=\"\/\/shield.sitelock.com\/shield\/kreuzweg-m700.de\" \/><\/a><\/div>\n\n\n\n<p><\/p>\n","protected":false},"excerpt":{"rendered":"<p>04. M\u00e4rz 2016 | 9:30Uhr Termin&nbsp;mit der Viebrockhaus AG&nbsp;im Musterhauspark Bad Falligbostel \u00bb Festpreisangebot vom 30. M\u00e4rz 2016 10. Oktober 2016 | 10:00Uhr Termin&nbsp;mit der Viebrockhaus AG&nbsp;im Musterhauspark Bad Falligbostel \u00bb Werkvertrag 20. Oktober 2016 | 18.30Uhr Termin mit der &hellip; <a href=\"https:\/\/kreuzweg-m700.de\/?page_id=172\">Weiterlesen <span class=\"meta-nav\">&rarr;<\/span><\/a><\/p>\n","protected":false},"author":1,"featured_media":0,"parent":0,"menu_order":0,"comment_status":"closed","ping_status":"closed","template":"","meta":{"footnotes":""},"class_list":["post-172","page","type-page","status-publish","hentry"],"_links":{"self":[{"href":"https:\/\/kreuzweg-m700.de\/index.php?rest_route=\/wp\/v2\/pages\/172","targetHints":{"allow":["GET"]}}],"collection":[{"href":"https:\/\/kreuzweg-m700.de\/index.php?rest_route=\/wp\/v2\/pages"}],"about":[{"href":"https:\/\/kreuzweg-m700.de\/index.php?rest_route=\/wp\/v2\/types\/page"}],"author":[{"embeddable":true,"href":"https:\/\/kreuzweg-m700.de\/index.php?rest_route=\/wp\/v2\/users\/1"}],"replies":[{"embeddable":true,"href":"https:\/\/kreuzweg-m700.de\/index.php?rest_route=%2Fwp%2Fv2%2Fcomments&post=172"}],"version-history":[{"count":0,"href":"https:\/\/kreuzweg-m700.de\/index.php?rest_route=\/wp\/v2\/pages\/172\/revisions"}],"wp:attachment":[{"href":"https:\/\/kreuzweg-m700.de\/index.php?rest_route=%2Fwp%2Fv2%2Fmedia&parent=172"}],"curies":[{"name":"wp","href":"https:\/\/api.w.org\/{rel}","templated":true}]}}