{"id":17,"date":"2016-10-03T12:56:51","date_gmt":"2016-10-03T12:56:51","guid":{"rendered":"http:\/\/kreuzweg-m700.de\/?page_id=17"},"modified":"2023-02-04T17:20:17","modified_gmt":"2023-02-04T17:20:17","slug":"startseite","status":"publish","type":"page","link":"https:\/\/kreuzweg-m700.de\/","title":{"rendered":"Startseite"},"content":{"rendered":"\n<p><b>Herzlich Willkommen auf&nbsp;unserer Homepage!<\/b><\/p>\n\n\n\n<p>Wir&nbsp;freuen uns sehr, dass Sie den virtuellen Weg zu&nbsp;uns gefunden haben!<\/p>\n\n\n\n<p>Auf&nbsp;unserer Internetseite&nbsp;finden Sie demn\u00e4chst alles \u00fcber unserer Hausbauprojekt am Kreuzweg.<\/p>\n\n\n\n<p>Klicken Sie sich einfach von Thema zu Thema &#8211; bestimmt interessiert Sie das eine oder andere besonders. Dann finden Sie auf der entsprechenden Seite immer noch detailliertere Informationen.<\/p>\n\n\n\n<p>Und &#8211;&nbsp;wir w\u00fcrden gerne wissen, was Sie von&nbsp;unserer Internetpr\u00e4senz halten. Vermissen Sie noch etwas Bestimmtes?&nbsp;Wir freuen uns \u00fcber Kritik und Anregungen von allen Besucherinnen und Besuchern. Schicken Sie&nbsp;uns doch einfach eine E-Mail an die unter Kontakt&nbsp;angegebene Adresse.<\/p>\n\n\n\n<p class=\"has-text-color has-small-font-size\" style=\"color:#ff0000\"><span style=\"color: #ff0000;\"><em><span style=\"color:#ff0000\" class=\"has-inline-color\">Durch die weitere Nutzung der Webseite stimmen Sie der Verwendung von Cookies zu.<\/span><\/em><\/span><\/p>\n\n\n\n<p class=\"has-text-color has-small-font-size\" style=\"color:#ff0000\"><em><span style=\"color:#ff0000\" class=\"has-inline-color\">Kein Cookie-Banner?<br>Dann verwenden Sie einen veralteten Browser.<br>Wir empfehlen Apple Safari, Google Chrome, Microsoft Edge &amp; Mozilla Firefox.<\/span><\/em><br><em><span style=\"color:#ff0000\" class=\"has-inline-color\">Der Internet Explorer 11 wird nicht l\u00e4nger unterst\u00fctzt.<\/span><\/em><\/p>\n\n\n\n<p class=\"has-small-font-size\"><em><span style=\"color:#ff0000\" class=\"has-inline-color\">Auf unserer Webseite sind unter anderem Tools von Unternehmen mit Sitz in den USA eingebunden. Dies dient dem Schutz unserer Webseite vor unerw\u00fcnschten Zugriffen oder b\u00f6sartigen Cyberattacken.<\/span><\/em><\/p>\n\n\n\n<hr class=\"wp-block-separator has-css-opacity\"\/>\n\n\n\n<h6 class=\"wp-block-heading\">Letzte \u00c4nderung: 04.02.2023<\/h6>\n\n\n\n<div id=\"sitelock_shield_logo\" class=\"fixed_btm\" style=\"bottom:0;position:fixed;_position:absolute;right:0;\"> <a href=\"https:\/\/www.sitelock.com\/verify.php?site=kreuzweg-m700.de\" onclick=\"window.open('https:\/\/www.sitelock.com\/verify.php?site=kreuzweg-m700.de','SiteLock','width=600,height=600,left=160,top=170');return false;\"><img decoding=\"async\" alt=\"malware removal and website security\" title=\"SiteLock\" src=\"\/\/shield.sitelock.com\/shield\/kreuzweg-m700.de\"><\/a><\/div>\n\n\n\n<p><\/p>\n","protected":false},"excerpt":{"rendered":"<p>Herzlich Willkommen auf&nbsp;unserer Homepage! Wir&nbsp;freuen uns sehr, dass Sie den virtuellen Weg zu&nbsp;uns gefunden haben! Auf&nbsp;unserer Internetseite&nbsp;finden Sie demn\u00e4chst alles \u00fcber unserer Hausbauprojekt am Kreuzweg. Klicken Sie sich einfach von Thema zu Thema &#8211; bestimmt interessiert Sie das eine oder &hellip; <a href=\"https:\/\/kreuzweg-m700.de\/\">Weiterlesen <span class=\"meta-nav\">&rarr;<\/span><\/a><\/p>\n","protected":false},"author":1,"featured_media":0,"parent":0,"menu_order":0,"comment_status":"closed","ping_status":"closed","template":"","meta":{"footnotes":""},"class_list":["post-17","page","type-page","status-publish","hentry"],"_links":{"self":[{"href":"https:\/\/kreuzweg-m700.de\/index.php?rest_route=\/wp\/v2\/pages\/17","targetHints":{"allow":["GET"]}}],"collection":[{"href":"https:\/\/kreuzweg-m700.de\/index.php?rest_route=\/wp\/v2\/pages"}],"about":[{"href":"https:\/\/kreuzweg-m700.de\/index.php?rest_route=\/wp\/v2\/types\/page"}],"author":[{"embeddable":true,"href":"https:\/\/kreuzweg-m700.de\/index.php?rest_route=\/wp\/v2\/users\/1"}],"replies":[{"embeddable":true,"href":"https:\/\/kreuzweg-m700.de\/index.php?rest_route=%2Fwp%2Fv2%2Fcomments&post=17"}],"version-history":[{"count":0,"href":"https:\/\/kreuzweg-m700.de\/index.php?rest_route=\/wp\/v2\/pages\/17\/revisions"}],"wp:attachment":[{"href":"https:\/\/kreuzweg-m700.de\/index.php?rest_route=%2Fwp%2Fv2%2Fmedia&parent=17"}],"curies":[{"name":"wp","href":"https:\/\/api.w.org\/{rel}","templated":true}]}}